{"id":433,"date":"2025-10-13T16:35:22","date_gmt":"2025-10-13T16:35:22","guid":{"rendered":"https:\/\/laacademiadenuritin.net\/?page_id=433"},"modified":"2025-10-13T17:23:40","modified_gmt":"2025-10-13T17:23:40","slug":"politica-de-cookies","status":"publish","type":"page","link":"https:\/\/laacademiadenuritin.com\/en\/politica-de-cookies\/","title":{"rendered":"Pol\u00edtica de cookies"},"content":{"rendered":"<div data-elementor-type=\"wp-page\" data-elementor-id=\"433\" class=\"elementor elementor-433\" data-elementor-post-type=\"page\">\n\t\t\t\t<div class=\"elementor-element elementor-element-ba003ba e-flex e-con-boxed e-con e-parent\" data-id=\"ba003ba\" data-element_type=\"container\">\n\t\t\t\t\t<div class=\"e-con-inner\">\n\t\t\t\t<div class=\"elementor-element elementor-element-c8f76c2 elementor-widget elementor-widget-text-editor\" data-id=\"c8f76c2\" data-element_type=\"widget\" data-widget_type=\"text-editor.default\">\n\t\t\t\t\t\t\t\t\t<header class=\"text-center\"><h2 class=\"m-auto\">COOKIES POLICY<\/h2><h4><span class=\"blanc-space ng-binding\">https:\/\/laacademiadenuritin.com\/<\/span><\/h4><\/header><div><p>Access to this Website may involve the use of cookies. Cookies are small amounts of information stored in the browser used by each User\u2014on the various devices they may use to browse\u2014so that the server can remember certain information, which will later be read only by the server that set it. Cookies facilitate browsing, make it more user-friendly, and do not harm the browsing device.<\/p><p>Cookies are automatic procedures for collecting information about the preferences set by the User during their visit to the Website in order to recognize them as a User, personalize their experience and use of the Website, and may also, for example, help identify and resolve errors.<\/p><p>The information collected through cookies may include the date and time of visits to the Website, the pages viewed, the time spent on the Website, and the sites visited immediately before and after it. However, no cookie allows contact with the User\u2019s phone number or any other personal contact method. No cookie can extract information from the User\u2019s hard drive or steal personal information. The only way private User information becomes part of the cookie file is if the User personally provides that information to the server.<\/p><p>Cookies that allow the identification of a person are considered personal data. Therefore, they are subject to the Privacy Policy described above. In this regard, the use of such cookies requires the User\u2019s consent. This consent must be communicated based on a genuine choice, given through an affirmative and positive decision, prior to the initial processing, revocable, and documented.<\/p><div class=\"\"><h4>First-party cookies<\/h4><p class=\"translation-block\">These are cookies sent to the User\u2019s computer or device and managed exclusively by <span class=\"blanc-space ng-binding\">Nurit\u00edn Academy<\/span> for the optimal functioning of the Website. The information collected is used to improve the quality of the Website and its Content, as well as the User\u2019s experience. These cookies allow the User to be recognized as a returning visitor to the Website and enable content to be adapted to provide content that matches their preferences.<\/p><\/div><h4>Disable, reject, and delete cookies<\/h4><p>The User can disable, reject, and delete cookies\u2014fully or partially\u2014installed on their device through their browser settings (including, for example, Chrome, Firefox, Safari, Explorer). In this regard, the procedures for rejecting and deleting cookies may vary from one browser to another. Therefore, the User should refer to the instructions provided by the Internet browser they are using. If the User rejects the use of cookies\u2014fully or partially\u2014they can still use the Website, although some features may be limited.<\/p><p class=\"translation-block\">This Cookies Policy document was created using the <a class=\"text-body text-decoration-none\" href=\"https:\/\/textos-legales.edgartamarit.com\/\" target=\"_self\">free online website cookies policy template generator<\/a> on 13\/10\/2025.<\/p><\/div>\t\t\t\t\t\t\t\t<\/div>\n\t\t\t\t\t<\/div>\n\t\t\t\t<\/div>\n\t\t\t\t<\/div>","protected":false},"excerpt":{"rendered":"<p>POL\u00cdTICA DE COOKIES https:\/\/laacademiadenuritin.net\/ El acceso a este Sitio Web puede implicar la utilizaci\u00f3n de cookies. Las cookies son peque\u00f1as cantidades de informaci\u00f3n que se almacenan en el navegador utilizado por cada Usuario \u2014en los distintos dispositivos que pueda utilizar para navegar\u2014 para que el servidor recuerde cierta informaci\u00f3n que posteriormente y \u00fanicamente el servidor [&hellip;]<\/p>","protected":false},"author":2,"featured_media":0,"parent":0,"menu_order":0,"comment_status":"closed","ping_status":"closed","template":"","meta":{"footnotes":""},"class_list":["post-433","page","type-page","status-publish","hentry"],"_links":{"self":[{"href":"https:\/\/laacademiadenuritin.com\/en\/wp-json\/wp\/v2\/pages\/433","targetHints":{"allow":["GET"]}}],"collection":[{"href":"https:\/\/laacademiadenuritin.com\/en\/wp-json\/wp\/v2\/pages"}],"about":[{"href":"https:\/\/laacademiadenuritin.com\/en\/wp-json\/wp\/v2\/types\/page"}],"author":[{"embeddable":true,"href":"https:\/\/laacademiadenuritin.com\/en\/wp-json\/wp\/v2\/users\/2"}],"replies":[{"embeddable":true,"href":"https:\/\/laacademiadenuritin.com\/en\/wp-json\/wp\/v2\/comments?post=433"}],"version-history":[{"count":10,"href":"https:\/\/laacademiadenuritin.com\/en\/wp-json\/wp\/v2\/pages\/433\/revisions"}],"predecessor-version":[{"id":464,"href":"https:\/\/laacademiadenuritin.com\/en\/wp-json\/wp\/v2\/pages\/433\/revisions\/464"}],"wp:attachment":[{"href":"https:\/\/laacademiadenuritin.com\/en\/wp-json\/wp\/v2\/media?parent=433"}],"curies":[{"name":"wp","href":"https:\/\/api.w.org\/{rel}","templated":true}]}}