{"id":427,"date":"2025-10-13T16:26:39","date_gmt":"2025-10-13T16:26:39","guid":{"rendered":"https:\/\/laacademiadenuritin.net\/?page_id=427"},"modified":"2025-10-13T17:24:31","modified_gmt":"2025-10-13T17:24:31","slug":"politica-de-privacidad","status":"publish","type":"page","link":"https:\/\/laacademiadenuritin.com\/en\/politica-de-privacidad\/","title":{"rendered":"Pol\u00edtica de privacidad"},"content":{"rendered":"<div data-elementor-type=\"wp-page\" data-elementor-id=\"427\" class=\"elementor elementor-427\" data-elementor-post-type=\"page\">\n\t\t\t\t<div class=\"elementor-element elementor-element-08c3a68 e-flex e-con-boxed e-con e-parent\" data-id=\"08c3a68\" data-element_type=\"container\">\n\t\t\t\t\t<div class=\"e-con-inner\">\n\t\t\t\t<div class=\"elementor-element elementor-element-524dbdc elementor-widget elementor-widget-text-editor\" data-id=\"524dbdc\" data-element_type=\"widget\" data-widget_type=\"text-editor.default\">\n\t\t\t\t\t\t\t\t\t<header class=\"text-center\"><h2 class=\"m-auto\">WEBSITE PRIVACY POLICY<\/h2><h4><span class=\"blanc-space ng-binding\">https:\/\/laacademiadenuritin.com\/<\/span><\/h4><\/header><div><h3>I. PRIVACY AND DATA PROTECTION POLICY<\/h3><p>In compliance with current legislation\u00a0<span class=\"blanc-space ng-binding\">Nurit\u00edn Academy<\/span>\u00a0(hereinafter also referred to as the Website) is committed to adopting the necessary technical and organizational measures, according to the appropriate level of security for the risk of the data collected.<\/p><h4>Laws incorporated into this privacy policy<\/h4><p>This privacy policy is adapted to current Spanish and European regulations on the protection of personal data on the internet. Specifically, it complies with the following regulations:<\/p><ul><li>Regulation (EU) 2016\/679 of the European Parliament and of the Council of 27 April 2016, on the protection of natural persons with regard to the processing of personal data and on the free movement of such data (GDPR).<\/li><li>Organic Law 3\/2018 of 5 December on the Protection of Personal Data and guarantee of digital rights (LOPD-GDD).<\/li><li>Royal Decree 1720\/2007 of 21 December, approving the Regulation for the development of Organic Law 15\/1999 of 13 December on the Protection of Personal Data (RDLOPD).<\/li><li>Law 34\/2002 of 11 July on Information Society Services and Electronic Commerce (LSSI-CE).<\/li><\/ul><h4>Identity of the data controller<\/h4><p>The data controller of personal data collected on\u00a0<span class=\"blanc-space ng-binding\">Nurit\u00edn Academy<\/span>\u00a0es:\u00a0<span class=\"blanc-space ng-binding\">N\u00faria Vidal Segura<\/span>, NIF:\u00a0<span class=\"blanc-space ng-binding\">74225963H<\/span>\u00a0(hereinafter, Data Controller). Contact details are as follows:<\/p><p>Address:\u00a0<span class=\"blanc-space ng-binding\">Address: Plaza doctor Francisco Antonio Vigrana 1, Local 1, 03016 Alicante<\/span><\/p><p>Phone:\u00a0<span class=\"blanc-space ng-binding\">686393387<\/span><\/p><p>Email:\u00a0<span class=\"blanc-space ng-binding\">Info@laacademiadenuritin.com<\/span><\/p><h4>Registration of Personal Data<\/h4><p class=\"translation-block\">In compliance with the GDPR and LOPD-GDD, we inform you that the personal data collected by <span class=\"blanc-space ng-binding\">Nurit\u00edn Academy<\/span> through the forms on its pages will be incorporated and processed in our database in order to facilitate, expedite, and fulfill the commitments established between <span class=\"blanc-space ng-binding\">Nurit\u00edn Academy<\/span> and the User, to maintain the relationship established through the forms completed by the User, or to respond to a request or inquiry from the User. Likewise, in accordance with the GDPR and LOPD-GDD, except where the exception provided in Article 30.5 of the GDPR applies, a record of processing activities is maintained specifying, according to their purposes, the processing activities carried out and other circumstances established in the GDPR.<\/p><h4>Principles applicable to the processing of personal data<\/h4><p>The processing of User personal data will comply with the following principles outlined in Article 5 of the GDPR and Articles 4 and following of Organic Law 3\/2018:<\/p><ul><li>Lawfulness, fairness, and transparency: User consent will be required at all times, after fully transparent information about the purposes for which personal data are collected.<\/li><li>Purpose limitation: Personal data will be collected for specific, explicit, and legitimate purposes.<\/li><li>Data minimization: Only the data strictly necessary for the intended purposes will be collected.<\/li><li>Accuracy: Personal data must be accurate and kept up to date.<\/li><li>Storage limitation: Personal data will be kept only as long as necessary for the purposes of processing.<\/li><li>Integrity and confidentiality: Personal data will be processed securely and confidentially.<\/li><li>Accountability: The Data Controller is responsible for ensuring compliance with these principles.<\/li><\/ul><h4>Categories of personal data<\/h4><p class=\"translation-block\">The categories of data processed by <span class=\"blanc-space ng-binding\">Nurit\u00edn Academy<\/span> are strictly identification data. Under no circumstances are special categories of personal data, as defined in Article 9 of the GDPR, processed.<\/p><h4>Legal basis for data processing<\/h4><p class=\"translation-block\">The legal basis for the processing of personal data is consent. <span class=\"blanc-space ng-binding\">Nurit\u00edn Academy<\/span> is committed to obtaining the User\u2019s explicit and verifiable consent for the processing of their personal data for one or more specific purposes.<\/p><p>El Usuario tendr\u00e1 derecho a retirar su consentimiento en cualquier momento. Ser\u00e1 tan f\u00e1cil retirar el consentimiento como darlo. Como regla general, la retirada del consentimiento no condicionar\u00e1 el uso del Sitio Web.<\/p><p>En las ocasiones en las que el Usuario deba o pueda facilitar sus datos a trav\u00e9s de formularios para realizar consultas, solicitar informaci\u00f3n o por motivos relacionados con el contenido del Sitio Web, se le informar\u00e1 en caso de que la cumplimentaci\u00f3n de alguno de ellos sea obligatoria debido a que los mismos sean imprescindibles para el correcto desarrollo de la operaci\u00f3n realizada.<\/p><h4>Purposes of data processing<\/h4><p class=\"translation-block\">Personal data are collected and managed by <span class=\"blanc-space ng-binding\">Nurit\u00edn Academy<\/span> in order to facilitate, expedite, and fulfill the commitments established between the Website and the User, to maintain the relationship established through the forms completed by the User, or to respond to a request or inquiry.<\/p><p>Igualmente, los datos podr\u00e1n ser utilizados con una finalidad comercial de personalizaci\u00f3n, operativa y estad\u00edstica, y actividades propias del objeto social de\u00a0<span class=\"blanc-space ng-binding\">Nurit\u00edn Academy<\/span>, as\u00ed como para la extracci\u00f3n, almacenamiento de datos y estudios de marketing para adecuar el Contenido ofertado al Usuario, as\u00ed como mejorar la calidad, funcionamiento y navegaci\u00f3n por el Sitio Web.<\/p><p>En el momento en que se obtengan los datos personales, se informar\u00e1 al Usuario acerca del fin o fines espec\u00edficos del tratamiento a que se destinar\u00e1n los datos personales; es decir, del uso o usos que se dar\u00e1 a la informaci\u00f3n recopilada.<\/p><h4>Data retention periods<\/h4><p class=\"translation-block\">Personal data will be retained only for the minimum time necessary for the purposes of processing and, in any case, for a period of <span class=\"blanc-space ng-binding\">12<\/span> months, or until the User requests their deletion.<\/p><p>En el momento en que se obtengan los datos personales, se informar\u00e1 al Usuario acerca del plazo durante el cual se conservar\u00e1n los datos personales o, cuando eso no sea posible, los criterios utilizados para determinar este plazo.<\/p><h4>Recipients of personal data<\/h4><p>User personal data will be shared with the following recipients or categories of recipients:<\/p><p class=\"text-wrap ng-binding\">Address: Plaza doctor Francisco Antonio Vigrana 1, Local 1, 03016 Alicante<\/p><p>If the Data Controller intends to transfer personal data to a third country or international organization, Users will be informed of the destination country or organization and the existence or absence of an adequacy decision by the Commission.<\/p><h4>Personal data of minors<\/h4><p>Respetando lo establecido en los art\u00edculos 8 del RGPD y 7 de la Ley Org\u00e1nica 3\/2018, de 5 de diciembre, de Protecci\u00f3n de Datos Personales y garant\u00eda de los derechos digitales, solo los mayores de 14 a\u00f1os podr\u00e1n otorgar su consentimiento para el tratamiento de sus datos personales de forma l\u00edcita por\u00a0<span class=\"blanc-space ng-binding\">Nurit\u00edn Academy<\/span>. Si se trata de un menor de 14 a\u00f1os, ser\u00e1 necesario el consentimiento de los padres o tutores para el tratamiento, y este solo se considerar\u00e1 l\u00edcito en la medida en la que los mismos lo hayan autorizado.<\/p><h4>Confidentiality and data security<\/h4><p class=\"translation-block\"><span class=\"blanc-space ng-binding\">Nurit\u00edn Academy<\/span> is committed to adopting the necessary technical and organizational measures, according to the level of security appropriate to the risk of the data collected, to ensure the security of personal data and to prevent accidental or unlawful destruction, loss, alteration, or unauthorized disclosure or access to such data.<\/p><p class=\"\">The Website uses an SSL certificate to ensure secure and encrypted data transmission between the server and the User.<\/p><p class=\"translation-block\">However, since <span class=\"blanc-space ng-binding\">Nurit\u00edn Academy<\/span> cannot guarantee the invulnerability of the internet or the complete absence of hackers or others who may fraudulently access personal data, the Data Controller commits to promptly inform the User if a personal data security breach occurs that is likely to pose a high risk to the rights and freedoms of individuals. In accordance with Article 4 of the GDPR, a personal data security breach is understood as any breach that leads to the accidental or unlawful destruction, loss, alteration, or unauthorized disclosure or access to transmitted, stored, or otherwise processed personal data.<\/p><p>Personal data will be treated as confidential by the Data Controller, who commits to informing and ensuring, through a legal or contractual obligation, that such confidentiality is respected by their employees, associates, and any person to whom the information is made accessible.<\/p><h4>User rights regarding personal data<\/h4><p class=\"translation-block\">The User has the following rights regarding <span class=\"blanc-space ng-binding\">Nurit\u00edn Academy<\/span> and may, therefore, exercise them against the Data Controller, as recognized by the GDPR and Organic Law 3\/2018 of 5 December on the Protection of Personal Data and Guarantee of Digital Rights:<\/p><ul><li class=\"translation-block\"><i>Right of access:<\/i> This is the User\u2019s right to obtain confirmation as to whether <span class=\"blanc-space ng-binding\">Nurit\u00edn Academy<\/span> is processing their personal data and, if so, to obtain information about the specific personal data and the processing carried out or being carried out by <span class=\"blanc-space ng-binding\">Nurit\u00edn Academy<\/span>, including, among other things, information about the origin of the data and the recipients of any communications made or intended.<\/li><li class=\"translation-block\"><i>Right to rectification:<\/i> This is the User\u2019s right to have their personal data corrected if it is inaccurate or, considering the purposes of processing, incomplete.<\/li><li class=\"translation-block\"><i>Right to erasure (\u201cright to be forgotten\u201d):<\/i> This is the User\u2019s right, unless otherwise established by law, to have their personal data deleted when such data are no longer necessary for the purposes for which they were collected or processed; the User has withdrawn consent for processing and there is no other legal basis; the User objects to the processing and there is no other legitimate reason to continue; the personal data have been processed unlawfully; the personal data must be deleted to comply with a legal obligation; or the personal data were obtained as a result of a direct offer of information society services to a child under 14 years old. In addition to deleting the data, the Data Controller, taking into account available technology and the cost of implementation, must take reasonable steps to inform other controllers processing the personal data of the User\u2019s request to erase any links to, copies of, or replications of that personal data.<\/li><li class=\"translation-block\"><i>Right to restriction of processing:<\/i> This is the User\u2019s right to restrict the processing of their personal data. The User has the right to obtain restriction of processing when they contest the accuracy of their personal data; the processing is unlawful; the Data Controller no longer needs the personal data, but the User requires them to make claims; or when the User has objected to the processing.<\/li><li class=\"translation-block\"><i>Right to data portability:<\/i> If the processing is carried out by automated means, the User has the right to receive their personal data from the Data Controller in a structured, commonly used, and machine-readable format, and to transmit them to another data controller. Whenever technically feasible, the Data Controller will transmit the data directly to that other controller.<\/li><li><i>Derecho de oposici\u00f3n:<\/i>\u00a0Es el derecho del Usuario a que no se lleve a cabo el tratamiento de sus datos de car\u00e1cter personal o se cese el tratamiento de los mismos por parte de\u00a0<span class=\"blanc-space ng-binding\">Nurit\u00edn Academy<\/span>.<\/li><li><i>Derecho a no ser objeto de una decisi\u00f3n basada \u00fanicamente en el tratamiento automatizado, incluida la elaboraci\u00f3n de perfiles:<\/i>\u00a0Es el derecho del Usuario a no ser objeto de una decisi\u00f3n individualizada basada \u00fanicamente en el tratamiento automatizado de sus datos personales, incluida la elaboraci\u00f3n de perfiles, existente salvo que la legislaci\u00f3n vigente establezca lo contrario.<\/li><\/ul><p>As\u00ed pues, el Usuario podr\u00e1 ejercitar sus derechos mediante comunicaci\u00f3n escrita dirigida al Responsable del tratamiento con la referencia \u00abRGPD-<span class=\"blanc-space ng-binding\">https:\/\/laacademiadenuritin.com\/<\/span>\u00ab, especificando:<\/p><ul><li>Full name of the User and a copy of their ID. In cases where representation is allowed, it will also be necessary to identify the person representing the User by the same means, along with the document proving the representation. The ID copy may be replaced by any other legally valid means of proving identity.<\/li><li>Request specifying the reasons for the application or the information to which access is sought.<\/li><li>Address for notification purposes.<\/li><li>Date and signature of the applicant.<\/li><li>Any document supporting the submitted request.<\/li><\/ul><p>This request and any attached documents may be sent to the following address and\/or email:<\/p><p>Postal address:\u00a0<span class=\"blanc-space ng-binding\">Address: Plaza doctor Francisco Antonio Vigrana 1, Local 1, 03016 Alicante<\/span><\/p><p>Email:\u00a0<span class=\"blanc-space ng-binding\">Info@laacademiadenuritin.com<\/span><\/p><h4>Links to third-party websites<\/h4><p class=\"translation-block\">The Website may include hyperlinks or links to third-party websites other than <span class=\"blanc-space ng-binding\">Nurit\u00edn Academy<\/span>, and are therefore not operated by <span class=\"blanc-space ng-binding\">Nurit\u00edn Academy<\/span>. The owners of these websites have their own data protection policies and are, in each case, responsible for their own files and privacy practices.<\/p><h4>Complaints to supervisory authorities<\/h4><p>En caso de que el Usuario considere que existe un problema o infracci\u00f3n de la normativa vigente en la forma en la que se est\u00e1n tratando sus datos personales, tendr\u00e1 derecho a la tutela judicial efectiva y a presentar una reclamaci\u00f3n ante una autoridad de control, en particular, en el Estado en el que tenga su residencia habitual, lugar de trabajo o lugar de la supuesta infracci\u00f3n. En el caso de Espa\u00f1a, la autoridad de control es la Agencia Espa\u00f1ola de Protecci\u00f3n de Datos (https:\/\/www.aepd.es\/).<\/p><h3>II. ACCEPTANCE AND CHANGES TO THIS PRIVACY POLICY<\/h3><p>It is necessary that the User has read and agrees with the conditions regarding the protection of personal data contained in this Privacy Policy, as well as that they accept the processing of their personal data so that the Data Controller can proceed accordingly, within the specified timeframes, and for the purposes indicated. Use of the Website implies acceptance of its Privacy Policy.<\/p><p class=\"translation-block\"><span class=\"blanc-space ng-binding\">Nurit\u00edn Academy<\/span> reserves the right to modify its Privacy Policy at its discretion, or due to legislative, jurisprudential, or doctrinal changes from the Spanish Data Protection Agency. Changes or updates to this Privacy Policy will not be explicitly notified to the User. Users are advised to check this page periodically to stay informed of the latest changes or updates.<\/p><p>This Privacy Policy was updated to comply with Regulation (EU) 2016\/679 of the European Parliament and of the Council of 27 April 2016, on the protection of natural persons with regard to the processing of personal data and the free movement of such data (GDPR), and with Organic Law 3\/2018 of 5 December on the Protection of Personal Data and Guarantee of Digital Rights.<\/p><p class=\"translation-block\">This website Privacy Policy document was created using the <a class=\"text-body text-decoration-none\" href=\"https:\/\/textos-legales.edgartamarit.com\/\" target=\"_self\">free online website privacy policy template generator<\/a> on 13\/10\/2025.<\/p><\/div>\t\t\t\t\t\t\t\t<\/div>\n\t\t\t\t\t<\/div>\n\t\t\t\t<\/div>\n\t\t\t\t<\/div>","protected":false},"excerpt":{"rendered":"<p>POL\u00cdTICA DE PRIVACIDAD DEL SITIO WEB https:\/\/laacademiadenuritin.net\/ I. POL\u00cdTICA DE PRIVACIDAD Y PROTECCI\u00d3N DE DATOS Respetando lo establecido en la legislaci\u00f3n vigente,\u00a0la academia de nuritin\u00a0(en adelante, tambi\u00e9n Sitio Web) se compromete a adoptar las medidas t\u00e9cnicas y organizativas necesarias, seg\u00fan el nivel de seguridad adecuado al riesgo de los datos recogidos. Leyes que incorpora esta [&hellip;]<\/p>","protected":false},"author":2,"featured_media":0,"parent":0,"menu_order":0,"comment_status":"closed","ping_status":"closed","template":"","meta":{"footnotes":""},"class_list":["post-427","page","type-page","status-publish","hentry"],"_links":{"self":[{"href":"https:\/\/laacademiadenuritin.com\/en\/wp-json\/wp\/v2\/pages\/427","targetHints":{"allow":["GET"]}}],"collection":[{"href":"https:\/\/laacademiadenuritin.com\/en\/wp-json\/wp\/v2\/pages"}],"about":[{"href":"https:\/\/laacademiadenuritin.com\/en\/wp-json\/wp\/v2\/types\/page"}],"author":[{"embeddable":true,"href":"https:\/\/laacademiadenuritin.com\/en\/wp-json\/wp\/v2\/users\/2"}],"replies":[{"embeddable":true,"href":"https:\/\/laacademiadenuritin.com\/en\/wp-json\/wp\/v2\/comments?post=427"}],"version-history":[{"count":11,"href":"https:\/\/laacademiadenuritin.com\/en\/wp-json\/wp\/v2\/pages\/427\/revisions"}],"predecessor-version":[{"id":470,"href":"https:\/\/laacademiadenuritin.com\/en\/wp-json\/wp\/v2\/pages\/427\/revisions\/470"}],"wp:attachment":[{"href":"https:\/\/laacademiadenuritin.com\/en\/wp-json\/wp\/v2\/media?parent=427"}],"curies":[{"name":"wp","href":"https:\/\/api.w.org\/{rel}","templated":true}]}}